{"id":2947,"date":"2015-02-21T14:00:27","date_gmt":"2015-02-21T14:00:27","guid":{"rendered":"http:\/\/rttheme19.rtthemes.com\/?page_id=2545"},"modified":"2024-05-21T21:03:36","modified_gmt":"2024-05-21T19:03:36","slug":"home-page-kosmetik","status":"publish","type":"page","link":"https:\/\/hair-beauty-boge.de\/villatraumschoen\/","title":{"rendered":"Home Page Traumsch\u00f6n"},"content":{"rendered":"\n<div  class=\"content_row row default-style fullwidth\" >\n\t\n\t<div class=\"content_row_wrapper nopadding fullwidth\" >\n\t<div class=\"col col-xs-12 col-sm-12\" >\n\t\t\t<div id=\"content-slider-457662\" class=\"rt-carousel main-carousel carousel-holder clearfix\" data-item-width=\"1\" data-nav=\"true\" data-dots=\"true\" data-parallax=\"true\" data-timeout=\"12000\" data-autoplay=\"true\">\n<div class=\"owl-carousel\">\n\n\t\t<div class=\"item  global-style\" style=\"background-image: url(https:\/\/hair-beauty-boge.de\/villatraumschoen\/wp-content\/uploads\/sites\/5\/2020\/05\/massage01.jpg);background-repeat: no-repeat;background-size: cover;background-position: center top;min-height: 562px;\">\n\t\t\t\n\t\t\t<div class=\"slide-content-wrapper default clearfix\">\n\t\t\t\t<div class=\"slide-content animation  left\" style=\"width: 40%;margin-top: 350px;\">\t\t\t\t\t\n\t\t\t\t\t\n\t\t\t\t<\/div>\n\t\t\t<\/div>\n\t\t<\/div>\n\t\t<div class=\"item  global-style\" style=\"background-image: url(https:\/\/hair-beauty-boge.de\/villatraumschoen\/wp-content\/uploads\/sites\/5\/2020\/05\/nagel02.jpg);background-repeat: no-repeat;background-size: cover;background-position: center top;min-height: 562px;\">\n\t\t\t\n\t\t\t<div class=\"slide-content-wrapper default clearfix\">\n\t\t\t\t<div class=\"slide-content animation  right\" style=\"width: 40%;\">\t\t\t\t\t\n\t\t\t\t\t\n\t\t\t\t<\/div>\n\t\t\t<\/div>\n\t\t<\/div>\n\t\t<div class=\"item  global-style\" style=\"background-image: url(https:\/\/hair-beauty-boge.de\/villatraumschoen\/wp-content\/uploads\/sites\/5\/2020\/05\/massage02.jpg);background-repeat: no-repeat;background-size: cover;background-position: center top;min-height: 562px;\">\n\t\t\t\n\t\t\t<div class=\"slide-content-wrapper default clearfix\">\n\t\t\t\t<div class=\"slide-content animation  right\" style=\"width: 40%;\">\t\t\t\t\t\n\t\t\t\t\t\n\t\t\t\t<\/div>\n\t\t\t<\/div>\n\t\t<\/div><\/div>\n<\/div>\n\n<div  class=\"content_row row global-style\" >\n\t\n\t\n\t<div class=\"col col-xs-12 col-sm-12\" style=\"padding-bottom:20px;\">\n\t\t\t\n\t<\/div>\n\n<\/div>\n\n\t<\/div>\n<\/div>\n<\/div>\n\n<div  class=\"content_row row default-style fullwidth border_grid fixed_heights\" >\n\t\n\t<div class=\"content_row_wrapper  default\" style=\"padding-top:0px;padding-bottom:10px;padding-left:25px;padding-right:25px;\">\n\t<div class=\"col col-xs-12 col-sm-4\" >\n\t\t\t<article  class=\"icon-content-box content-box icon-top icon-style-3\"><div class=\"icon-holder\"><\/div><div class=\"text-holder\"><h4 class=\"heading\">ERLEBEN<\/h4> <img decoding=\"async\" loading=\"lazy\" class=\"size-medium wp-image-3093 aligncenter\" src=\"http:\/\/hair-beauty-boge.de\/villatraumschoen\/wp-content\/uploads\/sites\/5\/2016\/05\/Hauptbild_Erleben-300x129.jpg\" alt=\"Hauptbild_Erleben\" width=\"300\" height=\"129\" srcset=\"https:\/\/hair-beauty-boge.de\/villatraumschoen\/wp-content\/uploads\/sites\/5\/2016\/05\/Hauptbild_Erleben-300x129.jpg 300w, https:\/\/hair-beauty-boge.de\/villatraumschoen\/wp-content\/uploads\/sites\/5\/2016\/05\/Hauptbild_Erleben-768x330.jpg 768w, https:\/\/hair-beauty-boge.de\/villatraumschoen\/wp-content\/uploads\/sites\/5\/2016\/05\/Hauptbild_Erleben.jpg 1000w\" sizes=\"(max-width: 300px) 100vw, 300px\" \/><\/p>\n<p class=\"aligncenter\">&#8230; Sie hautnah au\u00dfergew\u00f6hnliche und wirkungsvolle Beauty-Programme, abgestimmt auf Ihren Hauttyp und Ihre pers\u00f6nlichen W\u00fcnsche.<\/div><\/article>\n\t<\/div>\n\n\t<div class=\"col col-xs-12 col-sm-4\" >\n\t\t\t<article  class=\"icon-content-box content-box icon-top icon-style-3\"><div class=\"icon-holder\"><\/div><div class=\"text-holder\"><h4 class=\"heading\">VERW\u00d6HNEN<\/h4> <img decoding=\"async\" loading=\"lazy\" class=\"wp-image-3316 size-medium aligncenter\" src=\"http:\/\/hair-beauty-boge.de\/villatraumschoen\/wp-content\/uploads\/sites\/5\/2020\/05\/verwoehnen_Villa-300x129.jpg\" alt=\"\" width=\"300\" height=\"129\" srcset=\"https:\/\/hair-beauty-boge.de\/villatraumschoen\/wp-content\/uploads\/sites\/5\/2020\/05\/verwoehnen_Villa-300x129.jpg 300w, https:\/\/hair-beauty-boge.de\/villatraumschoen\/wp-content\/uploads\/sites\/5\/2020\/05\/verwoehnen_Villa-768x330.jpg 768w, https:\/\/hair-beauty-boge.de\/villatraumschoen\/wp-content\/uploads\/sites\/5\/2020\/05\/verwoehnen_Villa.jpg 1000w\" sizes=\"(max-width: 300px) 100vw, 300px\" \/><\/p>\n<p class=\"aligncenter\">&#8230; Sie Ihre Haut mit edlen, hochwertigen Pflegesubstanzen, die Ihrer Haut helfen, gesund und sch\u00f6n zu bleiben.<\/div><\/article>\n\t<\/div>\n\n\t<div class=\"col col-xs-12 col-sm-4\" >\n\t\t\t<article  class=\"icon-content-box content-box icon-top icon-style-3\"><div class=\"icon-holder\"><\/div><div class=\"text-holder\"><h4 class=\"heading\">GENIESSEN<\/h4> <img decoding=\"async\" loading=\"lazy\" class=\"wp-image-3315 size-medium aligncenter\" src=\"http:\/\/hair-beauty-boge.de\/villatraumschoen\/wp-content\/uploads\/sites\/5\/2020\/05\/geniessen_Villa-300x129.jpg\" alt=\"\" width=\"300\" height=\"129\" srcset=\"https:\/\/hair-beauty-boge.de\/villatraumschoen\/wp-content\/uploads\/sites\/5\/2020\/05\/geniessen_Villa-300x129.jpg 300w, https:\/\/hair-beauty-boge.de\/villatraumschoen\/wp-content\/uploads\/sites\/5\/2020\/05\/geniessen_Villa-768x330.jpg 768w, https:\/\/hair-beauty-boge.de\/villatraumschoen\/wp-content\/uploads\/sites\/5\/2020\/05\/geniessen_Villa.jpg 1000w\" sizes=\"(max-width: 300px) 100vw, 300px\" \/><\/p>\n<p class=\"aligncenter\">&#8230; Sie wohltuende Ruhe und herrliche Entspannung f\u00fcr K\u00f6rper und Geist in einem wundersch\u00f6nen Ambiente.<\/div><\/article>\n\t<\/div>\n<\/div>\n<\/div>\n\n<div  class=\"content_row row default-style fullwidth\" >\n\t\n\t<div class=\"content_row_wrapper  default\" >\n\t<div class=\"col col-xs-12 col-sm-12\" style=\"padding-bottom:10px;background-color: #ffffff;\">\n\t\t\t\n\t<\/div>\n<\/div>\n<\/div>\n\n<div  class=\"content_row row alt-style-1 fullwidth\" style=\"position:relative;overflow:hidden;\">\n\t<div class=\"rt-parallax-background\" data-rt-parallax-direction=\"1\" data-rt-parallax-effect=\"horizontal\" style=\"background-image: url(https:\/\/hair-beauty-boge.de\/villatraumschoen\/wp-content\/uploads\/sites\/5\/2020\/05\/back1-1024x348_villa-1024x348-1.png);background-repeat: no-repeat;background-size: cover;background-position: right center;width:100%;height:100%;top:0;\"><\/div>\n\t<div class=\"content_row_wrapper  default\" style=\"padding-top:50px;\">\n\t<div class=\"col col-xs-12 col-sm-12\" >\n\t\t\t<div class=\"rt_heading_wrapper style-4\">\n\t\t\t\t\t\t<span class=\"punchline\">Ihre Haut hat die bestm\u00f6glichste Pflege verdient.<\/span>\n\t\t\t\t\t\t<h3 class=\"rt_heading  with_punchline style-4\" >DIE KOSMETIK-VILLA TRAUMSCH\u00d6N VERWENDET DARUM NUR PRODUKTE VON JEAN D\u2018ARCEL.<\/h3>\n\t\t\t\t\t<\/div>\n\t<\/div>\n<\/div>\n<\/div>\n\n<div  class=\"content_row row default-style fullwidth\" >\n\t\n\t<div class=\"content_row_wrapper  default\" style=\"padding-top:30px;padding-bottom:30px;\">\n\t<div class=\"col col-xs-12 col-sm-12\" >\n\t\t\t<div class=\"rt_heading_wrapper style-4\">\n\t\t\t\t\t\t<span class=\"punchline\">Unsere<\/span>\n\t\t\t\t\t\t<h3 class=\"rt_heading  with_punchline style-4\" >\u00d6FFNUNGSZEITEN<\/h3>\n\t\t\t\t\t<\/div>\n\t<div id=\"\" class=\"rt_text_column rt_content_element \">\n\t\t\n<p style=\"text-align: center;\"><strong>Montag<\/strong> \u2013\u00a0geschlossen<br \/>\n<strong>Dienstag<\/strong> \u2013 14.00 bis 18.00 Uhr<br \/>\n<strong>Mittwoch und Donnerstag<\/strong> \u2013 13.00 bis 20.00 Uhr<br \/>\n<strong>Freitag<\/strong> \u2013 10.00 bis 17.00 Uhr<br \/>\n<strong>Sonstige Termine<\/strong>\u00a0\u2013<br \/>\nnach telefonischer Vereinbarung<\/p>\n\n\t<\/div>\n\n\t<\/div>\n<\/div>\n<\/div>\n\n<div  class=\"content_row row default-style fullwidth\" style=\"background-color: #75529d;\">\n\t\n\t<div class=\"content_row_wrapper  default\" style=\"padding-top:50px;padding-bottom:30px;\">\n\t<div class=\"alt-style-2 col col-xs-12 col-sm-12\" style=\"background-color: #75529d;\">\n\t\t\t<div class=\"rt_heading_wrapper style-4\">\n\t\t\t\t\t\t<span class=\"punchline\">Lassen Sie sich von uns verw\u00f6hnen.<\/span>\n\t\t\t\t\t\t<h3 class=\"rt_heading  with_punchline style-4\" >DAS KOSMETIK-VILLA TRAUMSCH\u00d6N-TEAM FREUT SICH AUF IHREN BESUCH.<\/h3>\n\t\t\t\t\t<\/div>\n<div  class=\"content_row row global-style\" >\n\t\n\t\n\t<div class=\"col col-xs-12 col-sm-12\" style=\"padding-bottom:20px;\">\n\t\t\t\n\t<\/div>\n\n<\/div>\n\n\t<\/div>\n<\/div>\n<\/div>\n\n","protected":false},"excerpt":{"rendered":"","protected":false},"author":1,"featured_media":0,"parent":0,"menu_order":0,"comment_status":"closed","ping_status":"closed","template":"","meta":[],"yoast_head":"<!-- This site is optimized with the Yoast SEO plugin v19.11 - https:\/\/yoast.com\/wordpress\/plugins\/seo\/ -->\n<title>Kosmetik-Villa Traumsch\u00f6n by Simone Boge Ingolstadt<\/title>\n<meta name=\"description\" content=\"Kosmetik-Villa Traumsch\u00f6n. Lassen Sie sich verw\u00f6hnen vom Kosmetik-Villa Traumsch\u00f6n-Team in Ingolstadt. Wir freuen uns auf Ihren Besuch! (by Simone Boge)\" \/>\n<meta name=\"robots\" content=\"index, follow, max-snippet:-1, max-image-preview:large, max-video-preview:-1\" \/>\n<link rel=\"canonical\" href=\"https:\/\/hair-beauty-boge.de\/villatraumschoen\/\" \/>\n<meta property=\"og:locale\" content=\"de_DE\" \/>\n<meta property=\"og:type\" content=\"article\" \/>\n<meta property=\"og:title\" content=\"Kosmetik-Villa Traumsch\u00f6n by Simone Boge Ingolstadt\" \/>\n<meta property=\"og:description\" content=\"Kosmetik-Villa Traumsch\u00f6n. Lassen Sie sich verw\u00f6hnen vom Kosmetik-Villa Traumsch\u00f6n-Team in Ingolstadt. Wir freuen uns auf Ihren Besuch! (by Simone Boge)\" \/>\n<meta property=\"og:url\" content=\"https:\/\/hair-beauty-boge.de\/villatraumschoen\/\" \/>\n<meta property=\"og:site_name\" content=\"Kosmetik-Villa Traumsch\u00f6n\" \/>\n<meta property=\"article:modified_time\" content=\"2024-05-21T19:03:36+00:00\" \/>\n<meta property=\"og:image\" content=\"http:\/\/hair-beauty-boge.de\/villatraumschoen\/wp-content\/uploads\/sites\/5\/2016\/05\/Hauptbild_Erleben-300x129.jpg\" \/>\n<meta name=\"twitter:card\" content=\"summary_large_image\" \/>\n<meta name=\"twitter:label1\" content=\"Gesch\u00e4tzte Lesezeit\" \/>\n\t<meta name=\"twitter:data1\" content=\"3\u00a0Minuten\" \/>\n<script type=\"application\/ld+json\" class=\"yoast-schema-graph\">{\"@context\":\"https:\/\/schema.org\",\"@graph\":[{\"@type\":\"WebPage\",\"@id\":\"https:\/\/hair-beauty-boge.de\/villatraumschoen\/\",\"url\":\"https:\/\/hair-beauty-boge.de\/villatraumschoen\/\",\"name\":\"Kosmetik-Villa Traumsch\u00f6n by Simone Boge Ingolstadt\",\"isPartOf\":{\"@id\":\"https:\/\/hair-beauty-boge.de\/villatraumschoen\/#website\"},\"datePublished\":\"2015-02-21T14:00:27+00:00\",\"dateModified\":\"2024-05-21T19:03:36+00:00\",\"description\":\"Kosmetik-Villa Traumsch\u00f6n. Lassen Sie sich verw\u00f6hnen vom Kosmetik-Villa Traumsch\u00f6n-Team in Ingolstadt. Wir freuen uns auf Ihren Besuch! (by Simone Boge)\",\"breadcrumb\":{\"@id\":\"https:\/\/hair-beauty-boge.de\/villatraumschoen\/#breadcrumb\"},\"inLanguage\":\"de\",\"potentialAction\":[{\"@type\":\"ReadAction\",\"target\":[\"https:\/\/hair-beauty-boge.de\/villatraumschoen\/\"]}]},{\"@type\":\"BreadcrumbList\",\"@id\":\"https:\/\/hair-beauty-boge.de\/villatraumschoen\/#breadcrumb\",\"itemListElement\":[{\"@type\":\"ListItem\",\"position\":1,\"name\":\"Startseite\",\"item\":\"https:\/\/hair-beauty-boge.de\/villatraumschoen\/\"},{\"@type\":\"ListItem\",\"position\":2,\"name\":\"Home Page Traumsch\u00f6n\"}]},{\"@type\":\"WebSite\",\"@id\":\"https:\/\/hair-beauty-boge.de\/villatraumschoen\/#website\",\"url\":\"https:\/\/hair-beauty-boge.de\/villatraumschoen\/\",\"name\":\"Kosmetik-Villa Traumsch\u00f6n\",\"description\":\"hair-beauty-boge.de Website\",\"potentialAction\":[{\"@type\":\"SearchAction\",\"target\":{\"@type\":\"EntryPoint\",\"urlTemplate\":\"https:\/\/hair-beauty-boge.de\/villatraumschoen\/?s={search_term_string}\"},\"query-input\":\"required name=search_term_string\"}],\"inLanguage\":\"de\"}]}<\/script>\n<!-- \/ Yoast SEO plugin. -->","yoast_head_json":{"title":"Kosmetik-Villa Traumsch\u00f6n by Simone Boge Ingolstadt","description":"Kosmetik-Villa Traumsch\u00f6n. Lassen Sie sich verw\u00f6hnen vom Kosmetik-Villa Traumsch\u00f6n-Team in Ingolstadt. Wir freuen uns auf Ihren Besuch! (by Simone Boge)","robots":{"index":"index","follow":"follow","max-snippet":"max-snippet:-1","max-image-preview":"max-image-preview:large","max-video-preview":"max-video-preview:-1"},"canonical":"https:\/\/hair-beauty-boge.de\/villatraumschoen\/","og_locale":"de_DE","og_type":"article","og_title":"Kosmetik-Villa Traumsch\u00f6n by Simone Boge Ingolstadt","og_description":"Kosmetik-Villa Traumsch\u00f6n. Lassen Sie sich verw\u00f6hnen vom Kosmetik-Villa Traumsch\u00f6n-Team in Ingolstadt. Wir freuen uns auf Ihren Besuch! (by Simone Boge)","og_url":"https:\/\/hair-beauty-boge.de\/villatraumschoen\/","og_site_name":"Kosmetik-Villa Traumsch\u00f6n","article_modified_time":"2024-05-21T19:03:36+00:00","og_image":[{"url":"http:\/\/hair-beauty-boge.de\/villatraumschoen\/wp-content\/uploads\/sites\/5\/2016\/05\/Hauptbild_Erleben-300x129.jpg"}],"twitter_card":"summary_large_image","twitter_misc":{"Gesch\u00e4tzte Lesezeit":"3\u00a0Minuten"},"schema":{"@context":"https:\/\/schema.org","@graph":[{"@type":"WebPage","@id":"https:\/\/hair-beauty-boge.de\/villatraumschoen\/","url":"https:\/\/hair-beauty-boge.de\/villatraumschoen\/","name":"Kosmetik-Villa Traumsch\u00f6n by Simone Boge Ingolstadt","isPartOf":{"@id":"https:\/\/hair-beauty-boge.de\/villatraumschoen\/#website"},"datePublished":"2015-02-21T14:00:27+00:00","dateModified":"2024-05-21T19:03:36+00:00","description":"Kosmetik-Villa Traumsch\u00f6n. Lassen Sie sich verw\u00f6hnen vom Kosmetik-Villa Traumsch\u00f6n-Team in Ingolstadt. Wir freuen uns auf Ihren Besuch! (by Simone Boge)","breadcrumb":{"@id":"https:\/\/hair-beauty-boge.de\/villatraumschoen\/#breadcrumb"},"inLanguage":"de","potentialAction":[{"@type":"ReadAction","target":["https:\/\/hair-beauty-boge.de\/villatraumschoen\/"]}]},{"@type":"BreadcrumbList","@id":"https:\/\/hair-beauty-boge.de\/villatraumschoen\/#breadcrumb","itemListElement":[{"@type":"ListItem","position":1,"name":"Startseite","item":"https:\/\/hair-beauty-boge.de\/villatraumschoen\/"},{"@type":"ListItem","position":2,"name":"Home Page Traumsch\u00f6n"}]},{"@type":"WebSite","@id":"https:\/\/hair-beauty-boge.de\/villatraumschoen\/#website","url":"https:\/\/hair-beauty-boge.de\/villatraumschoen\/","name":"Kosmetik-Villa Traumsch\u00f6n","description":"hair-beauty-boge.de Website","potentialAction":[{"@type":"SearchAction","target":{"@type":"EntryPoint","urlTemplate":"https:\/\/hair-beauty-boge.de\/villatraumschoen\/?s={search_term_string}"},"query-input":"required name=search_term_string"}],"inLanguage":"de"}]}},"_links":{"self":[{"href":"https:\/\/hair-beauty-boge.de\/villatraumschoen\/wp-json\/wp\/v2\/pages\/2947"}],"collection":[{"href":"https:\/\/hair-beauty-boge.de\/villatraumschoen\/wp-json\/wp\/v2\/pages"}],"about":[{"href":"https:\/\/hair-beauty-boge.de\/villatraumschoen\/wp-json\/wp\/v2\/types\/page"}],"author":[{"embeddable":true,"href":"https:\/\/hair-beauty-boge.de\/villatraumschoen\/wp-json\/wp\/v2\/users\/1"}],"replies":[{"embeddable":true,"href":"https:\/\/hair-beauty-boge.de\/villatraumschoen\/wp-json\/wp\/v2\/comments?post=2947"}],"version-history":[{"count":10,"href":"https:\/\/hair-beauty-boge.de\/villatraumschoen\/wp-json\/wp\/v2\/pages\/2947\/revisions"}],"predecessor-version":[{"id":3402,"href":"https:\/\/hair-beauty-boge.de\/villatraumschoen\/wp-json\/wp\/v2\/pages\/2947\/revisions\/3402"}],"wp:attachment":[{"href":"https:\/\/hair-beauty-boge.de\/villatraumschoen\/wp-json\/wp\/v2\/media?parent=2947"}],"curies":[{"name":"wp","href":"https:\/\/api.w.org\/{rel}","templated":true}]}}