{"id":2576,"date":"2015-02-22T01:24:55","date_gmt":"2015-02-22T01:24:55","guid":{"rendered":"http:\/\/rttheme19.rtthemes.com\/?page_id=2576"},"modified":"2026-02-28T10:25:13","modified_gmt":"2026-02-28T09:25:13","slug":"ueber_uns","status":"publish","type":"page","link":"http:\/\/hair-beauty-boge.de\/villatraumschoen\/ueber_uns\/","title":{"rendered":"\u00dcber uns"},"content":{"rendered":"\n<div  class=\"content_row row default-style fullwidth\" >\n\t\n\t<div class=\"content_row_wrapper  default\" >\n\t<div class=\"col col-xs-12 col-sm-8\" >\n\t\t\t\n\t<div id=\"\" class=\"rt_text_column rt_content_element \">\n\t\t\n<h3><strong>Kosmetik-Villa Traumsch\u00f6n<\/strong><\/h3>\n<p>Simone Boge bekannt durch ihr Unternehmen\u00a0Hair &amp; Beauty Rapunzel\u00a0geht mit Ihrem Projekt noch einen Schritt weiter und bietet Ihnen mit der Kosmetik-Villa Traumsch\u00f6n ein Kosmetik-Studio mit eigenem Wellness-Bereich.<\/p>\n<p>Im Erdgeschoss gibt es kompetente Beratung, klassische oder medizinische Fu\u00dfpflege, Gesichts- und K\u00f6rperbehandlungen sowie exklusives Nageldesign durch die staatlich gepr\u00fcfte Fachkosmetikerin Simone Boge und Ihrem serviceorientierten Team<\/p>\n<p>Schenken Sie sich einen Tag Urlaub und Erholung und g\u00f6nnen sich in exklusivem Ambiente, entspannende Verw\u00f6hnbehandlungen f\u00fcr Gesicht und K\u00f6rper,\u00a0Ganzk\u00f6rperpeeling, Massagen, Infrarotsauna und ein Traumbad im Jacuzzi \u2013 dazu ein Glas Sekt in der Au\u00dfenlounge<\/p>\n<p><strong>Bitte beachten Sie, dass unsere Gesch\u00e4ftszeiten sich bedarfsweise \u00e4ndern k\u00f6nnen.<\/strong><br \/>\nDeshalb bitte wir Sie, Termine m\u00f6glichst telefonisch zu vereinbaren. So k\u00f6nnen Sie sicher sein, dass Ihr Behandlungstermin nach Ihren W\u00fcnschen ausgef\u00fchrt werden kann.<\/p>\n<p>Wir w\u00fcnschen Ihnen viel Freude, Entspannung und Wohlsein in unserem Studio.<br \/>\n<strong>Simone Boge &amp; Team<\/strong>\n\t<\/div>\n\n\t<\/div>\n\n\t<div class=\"col col-xs-12 col-sm-4\" >\n\t\t\t\n\t<div id=\"\" class=\"rt_text_column rt_content_element \">\n\t\t<section id=\"staff-574730\" class=\"team border_grid clearfix  \"><div class=\"row clearfix\"><div class=\"col col-sm-12\">\n\n \n<div class=\"loop post-3081 staff type-staff status-publish has-post-thumbnail hentry\" id=\"person-3081\">\t\n\t<div class=\"person_image\">\n\t\t<div class=\"person_image_wrapper\">\n\t\t\t\n\t\t\t\t\t\t\t<img src=\"http:\/\/hair-beauty-boge.de\/villatraumschoen\/wp-content\/uploads\/sites\/5\/2016\/05\/Simone_Boge_2026.jpg\" alt=\"\" class=\"\" \/>\t\t\t\t\t\t\n\t\t<\/div>\n\t\t \n\t<\/div>\n\t\n\t\t\t<h5 class=\"person_name\">Simone Boge<\/h5>\n\t\n\t\n\t<div class=\"profile\">\n\t\t<i>Betriebsinhaberin<\/i>\t<\/div> \n\n\t\t\n<\/div><\/div>\n<\/div><\/section>\n\t<\/div>\n\n\t<\/div>\n<\/div>\n<\/div>\n\n<div  class=\"content_row row default-style fullwidth\" >\n\t\n\t<div class=\"content_row_wrapper  default\" style=\"padding-bottom:80px;\">\n\t<div class=\"col col-xs-12 col-sm-6\" style=\"background-color: #ffffff;\">\n\t\t\t[vc_single_image image=&#8220;3321&#8243; img_size=&#8220;full&#8220; onclick=&#8220;link_image&#8220;]\n\t<\/div>\n\n\t<div class=\"col col-xs-12 col-sm-6\" >\n\t\t\t[vc_single_image image=&#8220;3320&#8243; img_size=&#8220;full&#8220; onclick=&#8220;link_image&#8220;]\n\t<\/div>\n<\/div>\n<\/div>\n\n<div  class=\"content_row row alt-style-2 fullwidth\" style=\"background-color: #75529d;\">\n\t\n\t<div class=\"content_row_wrapper  default\" style=\"padding-top:50px;padding-bottom:30px;\">\n\t<div class=\"col col-xs-12 col-sm-12\" style=\"background-color: #75529d;\">\n\t\t\t\n\t<div id=\"\" class=\"rt_text_column rt_content_element \">\n\t\t<div class=\"rt_heading_wrapper style-4\">\n\t\t\t\t\t\t<span class=\"punchline\">Lassen Sie sich von uns verw\u00f6hnen.<\/span>\n\t\t\t\t\t\t<h3 class=\"rt_heading  with_punchline style-4\" >DIE KOSMETIK-VILLA TRAUMSCH\u00d6N FREUT SICH AUF IHREN BESUCH.<\/h3>\n\t\t\t\t\t<\/div>\n\t<\/div>\n\n\t<\/div>\n<\/div>\n<\/div>\n\n","protected":false},"excerpt":{"rendered":"","protected":false},"author":1,"featured_media":0,"parent":0,"menu_order":0,"comment_status":"open","ping_status":"open","template":"","meta":[],"yoast_head":"<!-- This site is optimized with the Yoast SEO plugin v19.11 - https:\/\/yoast.com\/wordpress\/plugins\/seo\/ -->\n<title>\u00dcber uns - Kosmetik-Villa Traumsch\u00f6n<\/title>\n<meta name=\"description\" content=\"Kosmetik-Villa Traumsch\u00f6n. Lassen Sie sich verw\u00f6hnen vom Kosmetik-Villa Traumsch\u00f6n-Team in Ingolstadt. Wir freuen uns auf Ihren Besuch! (by Simone Boge)\" \/>\n<meta name=\"robots\" content=\"index, follow, max-snippet:-1, max-image-preview:large, max-video-preview:-1\" \/>\n<link rel=\"canonical\" href=\"http:\/\/hair-beauty-boge.de\/villatraumschoen\/ueber_uns\/\" \/>\n<meta property=\"og:locale\" content=\"de_DE\" \/>\n<meta property=\"og:type\" content=\"article\" \/>\n<meta property=\"og:title\" content=\"\u00dcber uns - Kosmetik-Villa Traumsch\u00f6n\" \/>\n<meta property=\"og:description\" content=\"Kosmetik-Villa Traumsch\u00f6n. Lassen Sie sich verw\u00f6hnen vom Kosmetik-Villa Traumsch\u00f6n-Team in Ingolstadt. Wir freuen uns auf Ihren Besuch! (by Simone Boge)\" \/>\n<meta property=\"og:url\" content=\"http:\/\/hair-beauty-boge.de\/villatraumschoen\/ueber_uns\/\" \/>\n<meta property=\"og:site_name\" content=\"Kosmetik-Villa Traumsch\u00f6n\" \/>\n<meta property=\"article:modified_time\" content=\"2026-02-28T09:25:13+00:00\" \/>\n<meta name=\"twitter:card\" content=\"summary_large_image\" \/>\n<meta name=\"twitter:label1\" content=\"Gesch\u00e4tzte Lesezeit\" \/>\n\t<meta name=\"twitter:data1\" content=\"3\u00a0Minuten\" \/>\n<script type=\"application\/ld+json\" class=\"yoast-schema-graph\">{\"@context\":\"https:\/\/schema.org\",\"@graph\":[{\"@type\":\"WebPage\",\"@id\":\"http:\/\/hair-beauty-boge.de\/villatraumschoen\/ueber_uns\/\",\"url\":\"http:\/\/hair-beauty-boge.de\/villatraumschoen\/ueber_uns\/\",\"name\":\"\u00dcber uns - Kosmetik-Villa Traumsch\u00f6n\",\"isPartOf\":{\"@id\":\"http:\/\/hair-beauty-boge.de\/villatraumschoen\/#website\"},\"datePublished\":\"2015-02-22T01:24:55+00:00\",\"dateModified\":\"2026-02-28T09:25:13+00:00\",\"description\":\"Kosmetik-Villa Traumsch\u00f6n. Lassen Sie sich verw\u00f6hnen vom Kosmetik-Villa Traumsch\u00f6n-Team in Ingolstadt. Wir freuen uns auf Ihren Besuch! (by Simone Boge)\",\"breadcrumb\":{\"@id\":\"http:\/\/hair-beauty-boge.de\/villatraumschoen\/ueber_uns\/#breadcrumb\"},\"inLanguage\":\"de\",\"potentialAction\":[{\"@type\":\"ReadAction\",\"target\":[\"http:\/\/hair-beauty-boge.de\/villatraumschoen\/ueber_uns\/\"]}]},{\"@type\":\"BreadcrumbList\",\"@id\":\"http:\/\/hair-beauty-boge.de\/villatraumschoen\/ueber_uns\/#breadcrumb\",\"itemListElement\":[{\"@type\":\"ListItem\",\"position\":1,\"name\":\"Startseite\",\"item\":\"http:\/\/hair-beauty-boge.de\/villatraumschoen\/\"},{\"@type\":\"ListItem\",\"position\":2,\"name\":\"\u00dcber uns\"}]},{\"@type\":\"WebSite\",\"@id\":\"http:\/\/hair-beauty-boge.de\/villatraumschoen\/#website\",\"url\":\"http:\/\/hair-beauty-boge.de\/villatraumschoen\/\",\"name\":\"Kosmetik-Villa Traumsch\u00f6n\",\"description\":\"hair-beauty-boge.de Website\",\"potentialAction\":[{\"@type\":\"SearchAction\",\"target\":{\"@type\":\"EntryPoint\",\"urlTemplate\":\"http:\/\/hair-beauty-boge.de\/villatraumschoen\/?s={search_term_string}\"},\"query-input\":\"required name=search_term_string\"}],\"inLanguage\":\"de\"}]}<\/script>\n<!-- \/ Yoast SEO plugin. -->","yoast_head_json":{"title":"\u00dcber uns - Kosmetik-Villa Traumsch\u00f6n","description":"Kosmetik-Villa Traumsch\u00f6n. Lassen Sie sich verw\u00f6hnen vom Kosmetik-Villa Traumsch\u00f6n-Team in Ingolstadt. Wir freuen uns auf Ihren Besuch! (by Simone Boge)","robots":{"index":"index","follow":"follow","max-snippet":"max-snippet:-1","max-image-preview":"max-image-preview:large","max-video-preview":"max-video-preview:-1"},"canonical":"http:\/\/hair-beauty-boge.de\/villatraumschoen\/ueber_uns\/","og_locale":"de_DE","og_type":"article","og_title":"\u00dcber uns - Kosmetik-Villa Traumsch\u00f6n","og_description":"Kosmetik-Villa Traumsch\u00f6n. Lassen Sie sich verw\u00f6hnen vom Kosmetik-Villa Traumsch\u00f6n-Team in Ingolstadt. Wir freuen uns auf Ihren Besuch! (by Simone Boge)","og_url":"http:\/\/hair-beauty-boge.de\/villatraumschoen\/ueber_uns\/","og_site_name":"Kosmetik-Villa Traumsch\u00f6n","article_modified_time":"2026-02-28T09:25:13+00:00","twitter_card":"summary_large_image","twitter_misc":{"Gesch\u00e4tzte Lesezeit":"3\u00a0Minuten"},"schema":{"@context":"https:\/\/schema.org","@graph":[{"@type":"WebPage","@id":"http:\/\/hair-beauty-boge.de\/villatraumschoen\/ueber_uns\/","url":"http:\/\/hair-beauty-boge.de\/villatraumschoen\/ueber_uns\/","name":"\u00dcber uns - Kosmetik-Villa Traumsch\u00f6n","isPartOf":{"@id":"http:\/\/hair-beauty-boge.de\/villatraumschoen\/#website"},"datePublished":"2015-02-22T01:24:55+00:00","dateModified":"2026-02-28T09:25:13+00:00","description":"Kosmetik-Villa Traumsch\u00f6n. Lassen Sie sich verw\u00f6hnen vom Kosmetik-Villa Traumsch\u00f6n-Team in Ingolstadt. Wir freuen uns auf Ihren Besuch! (by Simone Boge)","breadcrumb":{"@id":"http:\/\/hair-beauty-boge.de\/villatraumschoen\/ueber_uns\/#breadcrumb"},"inLanguage":"de","potentialAction":[{"@type":"ReadAction","target":["http:\/\/hair-beauty-boge.de\/villatraumschoen\/ueber_uns\/"]}]},{"@type":"BreadcrumbList","@id":"http:\/\/hair-beauty-boge.de\/villatraumschoen\/ueber_uns\/#breadcrumb","itemListElement":[{"@type":"ListItem","position":1,"name":"Startseite","item":"http:\/\/hair-beauty-boge.de\/villatraumschoen\/"},{"@type":"ListItem","position":2,"name":"\u00dcber uns"}]},{"@type":"WebSite","@id":"http:\/\/hair-beauty-boge.de\/villatraumschoen\/#website","url":"http:\/\/hair-beauty-boge.de\/villatraumschoen\/","name":"Kosmetik-Villa Traumsch\u00f6n","description":"hair-beauty-boge.de Website","potentialAction":[{"@type":"SearchAction","target":{"@type":"EntryPoint","urlTemplate":"http:\/\/hair-beauty-boge.de\/villatraumschoen\/?s={search_term_string}"},"query-input":"required name=search_term_string"}],"inLanguage":"de"}]}},"_links":{"self":[{"href":"http:\/\/hair-beauty-boge.de\/villatraumschoen\/wp-json\/wp\/v2\/pages\/2576"}],"collection":[{"href":"http:\/\/hair-beauty-boge.de\/villatraumschoen\/wp-json\/wp\/v2\/pages"}],"about":[{"href":"http:\/\/hair-beauty-boge.de\/villatraumschoen\/wp-json\/wp\/v2\/types\/page"}],"author":[{"embeddable":true,"href":"http:\/\/hair-beauty-boge.de\/villatraumschoen\/wp-json\/wp\/v2\/users\/1"}],"replies":[{"embeddable":true,"href":"http:\/\/hair-beauty-boge.de\/villatraumschoen\/wp-json\/wp\/v2\/comments?post=2576"}],"version-history":[{"count":11,"href":"http:\/\/hair-beauty-boge.de\/villatraumschoen\/wp-json\/wp\/v2\/pages\/2576\/revisions"}],"predecessor-version":[{"id":3414,"href":"http:\/\/hair-beauty-boge.de\/villatraumschoen\/wp-json\/wp\/v2\/pages\/2576\/revisions\/3414"}],"wp:attachment":[{"href":"http:\/\/hair-beauty-boge.de\/villatraumschoen\/wp-json\/wp\/v2\/media?parent=2576"}],"curies":[{"name":"wp","href":"https:\/\/api.w.org\/{rel}","templated":true}]}}