{"id":2947,"date":"2015-02-21T14:00:27","date_gmt":"2015-02-21T14:00:27","guid":{"rendered":"http:\/\/rttheme19.rtthemes.com\/?page_id=2545"},"modified":"2016-12-10T14:43:15","modified_gmt":"2016-12-10T13:43:15","slug":"home-page-kosmetik","status":"publish","type":"page","link":"http:\/\/hair-beauty-boge.de\/kosmetik\/","title":{"rendered":"Home Page Kosmetik"},"content":{"rendered":"<p>[vc_row rt_row_background_width=&#8220;fullwidth&#8220; rt_row_content_width=&#8220;fullwidth&#8220; rt_row_style=&#8220;default-style&#8220; rt_row_borders=&#8220;&#8220; rt_row_paddings=&#8220;false&#8220; rt_bg_effect=&#8220;classic&#8220; rt_bg_image_repeat=&#8220;repeat&#8220; rt_bg_size=&#8220;100% auto&#8220; rt_bg_position=&#8220;right top&#8220; rt_bg_attachment=&#8220;scroll&#8220; rt_bg_video_format=&#8220;self-hosted&#8220;][vc_column rt_bg_image_repeat=&#8220;repeat&#8220; rt_bg_size=&#8220;contain&#8220; rt_bg_attachment=&#8220;scroll&#8220;]<div id=\"content-slider-364551\" class=\"rt-carousel main-carousel carousel-holder clearfix\" data-item-width=\"1\" data-nav=\"true\" data-dots=\"true\" data-parallax=\"true\" data-timeout=\"12000\" data-autoplay=\"true\">\n<div class=\"owl-carousel\">\n\n\t\t<div class=\"item  global-style\" style=\"background-image: url(http:\/\/hair-beauty-boge.de\/kosmetik\/wp-content\/uploads\/sites\/2\/2016\/06\/Startbild_Kosmetik_1.jpg);background-repeat: no-repeat;background-size: cover;background-position: center top;min-height: 562px;\">\n\t\t\t\n\t\t\t<div class=\"slide-content-wrapper default clearfix\">\n\t\t\t\t<div class=\"slide-content animation  left\" style=\"width: 40%;margin-top: 350px;\">\t\t\t\t\t\n\t\t\t\t\t\n\t\t\t\t<\/div>\n\t\t\t<\/div>\n\t\t<\/div>\n\t\t<div class=\"item  global-style\" style=\"background-image: url(http:\/\/hair-beauty-boge.de\/kosmetik\/wp-content\/uploads\/sites\/2\/2016\/06\/Startbild_Kosmetik_3_1.jpg);background-repeat: no-repeat;background-size: cover;background-position: center top;min-height: 562px;\">\n\t\t\t\n\t\t\t<div class=\"slide-content-wrapper default clearfix\">\n\t\t\t\t<div class=\"slide-content animation  right\" style=\"width: 40%;\">\t\t\t\t\t\n\t\t\t\t\t\n\t\t\t\t<\/div>\n\t\t\t<\/div>\n\t\t<\/div>\n\t\t<div class=\"item  global-style\" style=\"background-image: url(http:\/\/hair-beauty-boge.de\/kosmetik\/wp-content\/uploads\/sites\/2\/2016\/06\/Startbild_Kosmetik_2.jpg);background-repeat: no-repeat;background-size: cover;background-position: center top;min-height: 562px;\">\n\t\t\t\n\t\t\t<div class=\"slide-content-wrapper default clearfix\">\n\t\t\t\t<div class=\"slide-content animation  right\" style=\"width: 40%;\">\t\t\t\t\t\n\t\t\t\t\t\n\t\t\t\t<\/div>\n\t\t\t<\/div>\n\t\t<\/div><\/div>\n<\/div>\n[\/vc_column][\/vc_row][vc_row rt_row_background_width=&#8220;fullwidth&#8220; rt_row_content_width=&#8220;default&#8220; rt_row_style=&#8220;default-style&#8220; rt_row_borders=&#8220;&#8220; rt_grid=&#8220;true&#8220; rt_row_paddings=&#8220;true&#8220; rt_bg_effect=&#8220;classic&#8220; rt_bg_image_repeat=&#8220;repeat&#8220; rt_bg_size=&#8220;cover&#8220; rt_bg_position=&#8220;right top&#8220; rt_bg_attachment=&#8220;scroll&#8220; rt_bg_video_format=&#8220;self-hosted&#8220; rt_padding_top=&#8220;0&#8243; rt_padding_bottom=&#8220;10&#8243; rt_padding_left=&#8220;25&#8243; rt_padding_right=&#8220;25&#8243;][vc_column width=&#8220;1\/3&#8243; rt_bg_image_repeat=&#8220;repeat&#8220; rt_bg_size=&#8220;auto auto&#8220; rt_bg_attachment=&#8220;scroll&#8220;]<article  class=\"icon-content-box content-box icon-top icon-style-3\"><div class=\"icon-holder\"><\/div><div class=\"text-holder\"><h4 class=\"heading\">ERLEBEN<\/h4> <p class=\"aligncenter\"><img decoding=\"async\" loading=\"lazy\" class=\"size-medium wp-image-3093 aligncenter\" src=\"http:\/\/hair-beauty-boge.de\/kosmetik\/wp-content\/uploads\/sites\/2\/2016\/05\/Hauptbild_Erleben-300x129.jpg\" alt=\"Hauptbild_Erleben\" width=\"300\" height=\"129\" srcset=\"http:\/\/hair-beauty-boge.de\/kosmetik\/wp-content\/uploads\/sites\/2\/2016\/05\/Hauptbild_Erleben-300x129.jpg 300w, http:\/\/hair-beauty-boge.de\/kosmetik\/wp-content\/uploads\/sites\/2\/2016\/05\/Hauptbild_Erleben-768x330.jpg 768w, http:\/\/hair-beauty-boge.de\/kosmetik\/wp-content\/uploads\/sites\/2\/2016\/05\/Hauptbild_Erleben.jpg 1000w\" sizes=\"(max-width: 300px) 100vw, 300px\" \/><\/p>\n<p class=\"aligncenter\">&#8230; Sie hautnah au\u00dfergew\u00f6hnliche und wirkungsvolle Beauty-Programme, abgestimmt auf Ihren Hauttyp und Ihre pers\u00f6nlichen W\u00fcnsche.<\/p>\n<\/div><\/article>[\/vc_column][vc_column width=&#8220;1\/3&#8243; rt_bg_image_repeat=&#8220;repeat&#8220; rt_bg_size=&#8220;auto auto&#8220; rt_bg_attachment=&#8220;scroll&#8220;]<article  class=\"icon-content-box content-box icon-top icon-style-3\"><div class=\"icon-holder\"><\/div><div class=\"text-holder\"><h4 class=\"heading\">VERW\u00d6HNEN<\/h4> <p class=\"aligncenter\"><img decoding=\"async\" loading=\"lazy\" class=\"size-medium wp-image-3095 aligncenter\" src=\"http:\/\/hair-beauty-boge.de\/kosmetik\/wp-content\/uploads\/sites\/2\/2016\/05\/Hauptbild_Verw\u00f6hnen-300x129.jpg\" alt=\"Hauptbild_Verw\u00f6hnen\" width=\"300\" height=\"129\" srcset=\"http:\/\/hair-beauty-boge.de\/kosmetik\/wp-content\/uploads\/sites\/2\/2016\/05\/Hauptbild_Verw\u00f6hnen-300x129.jpg 300w, http:\/\/hair-beauty-boge.de\/kosmetik\/wp-content\/uploads\/sites\/2\/2016\/05\/Hauptbild_Verw\u00f6hnen-768x330.jpg 768w, http:\/\/hair-beauty-boge.de\/kosmetik\/wp-content\/uploads\/sites\/2\/2016\/05\/Hauptbild_Verw\u00f6hnen.jpg 1000w\" sizes=\"(max-width: 300px) 100vw, 300px\" \/><\/p>\n<p class=\"aligncenter\">&#8230; Sie Ihre Haut mit edlen, hochwertigen Pflegesubstanzen, die Ihrer Haut helfen, gesund und sch\u00f6n zu bleiben.<\/p>\n<\/div><\/article>[\/vc_column][vc_column width=&#8220;1\/3&#8243; rt_bg_image_repeat=&#8220;repeat&#8220; rt_bg_size=&#8220;auto auto&#8220; rt_bg_attachment=&#8220;scroll&#8220;]<article  class=\"icon-content-box content-box icon-top icon-style-3\"><div class=\"icon-holder\"><\/div><div class=\"text-holder\"><h4 class=\"heading\">GENIESSEN<\/h4> <p class=\"aligncenter\"><img decoding=\"async\" loading=\"lazy\" class=\"size-medium wp-image-3094 aligncenter\" src=\"http:\/\/hair-beauty-boge.de\/kosmetik\/wp-content\/uploads\/sites\/2\/2016\/05\/Hauptbild_Geniessen-300x129.jpg\" alt=\"Hauptbild_Geniessen\" width=\"300\" height=\"129\" srcset=\"http:\/\/hair-beauty-boge.de\/kosmetik\/wp-content\/uploads\/sites\/2\/2016\/05\/Hauptbild_Geniessen-300x129.jpg 300w, http:\/\/hair-beauty-boge.de\/kosmetik\/wp-content\/uploads\/sites\/2\/2016\/05\/Hauptbild_Geniessen-768x330.jpg 768w, http:\/\/hair-beauty-boge.de\/kosmetik\/wp-content\/uploads\/sites\/2\/2016\/05\/Hauptbild_Geniessen.jpg 1000w\" sizes=\"(max-width: 300px) 100vw, 300px\" \/><\/p>\n<p class=\"aligncenter\">&#8230; Sie wohltuende Ruhe und herrliche Entspannung f\u00fcr K\u00f6rper und Geist in einem wundersch\u00f6nen Ambiente.<\/p>\n<\/div><\/article>[\/vc_column][\/vc_row][vc_row rt_row_background_width=&#8220;fullwidth&#8220; rt_row_content_width=&#8220;default&#8220; rt_row_style=&#8220;alt-style-1&#8243; rt_row_borders=&#8220;&#8220; rt_row_paddings=&#8220;true&#8220; rt_bg_image=&#8220;3028&#8243; rt_bg_effect=&#8220;parallax&#8220; rt_bg_parallax_effect=&#8220;2&#8243; rt_bg_image_repeat=&#8220;no-repeat&#8220; rt_bg_size=&#8220;cover&#8220; rt_bg_position=&#8220;right center&#8220; rt_bg_video_format=&#8220;self-hosted&#8220; rt_padding_top=&#8220;50&#8243; rt_padding_bottom=&#8220;20&#8243;][vc_column rt_bg_image_repeat=&#8220;repeat&#8220; rt_bg_size=&#8220;auto auto&#8220; rt_bg_attachment=&#8220;scroll&#8220;]<div class=\"rt_heading_wrapper style-4\">\n\t\t\t\t\t\t<span class=\"punchline\">Ihre Haut hat die bestm\u00f6glichste Pflege verdient.<\/span>\n\t\t\t\t\t\t<h3 class=\"rt_heading  with_punchline style-4\" >RAPUNZEL KOSMETIK VERWENDET DARUM NUR PRODUKTE VON JEAN D\u2018ARCEL.<\/h3>\n\t\t\t\t\t<\/div>[\/vc_column][\/vc_row][vc_row rt_row_background_width=&#8220;fullwidth&#8220; rt_row_content_width=&#8220;default&#8220; rt_row_style=&#8220;default-style&#8220; rt_row_borders=&#8220;&#8220; rt_row_paddings=&#8220;true&#8220; rt_bg_effect=&#8220;classic&#8220; rt_bg_image_repeat=&#8220;repeat&#8220; rt_bg_size=&#8220;cover&#8220; rt_bg_position=&#8220;right top&#8220; rt_bg_attachment=&#8220;scroll&#8220; rt_bg_video_format=&#8220;self-hosted&#8220; rt_padding_top=&#8220;30&#8243; rt_padding_bottom=&#8220;30&#8243;][vc_column rt_bg_image_repeat=&#8220;repeat&#8220; rt_bg_size=&#8220;auto auto&#8220; rt_bg_attachment=&#8220;scroll&#8220;]<div class=\"rt_heading_wrapper style-4\">\n\t\t\t\t\t\t<span class=\"punchline\">Unsere<\/span>\n\t\t\t\t\t\t<h3 class=\"rt_heading  with_punchline style-4\" >\u00d6FFNUNGSZEITEN<\/h3>\n\t\t\t\t\t<\/div>[vc_column_text]<\/p>\n<p style=\"text-align: center;\"><strong>Montag<\/strong> \u2013\u00a0geschlossen<br \/>\n<strong>Dienstag bis Freitag<\/strong> \u2013 09.00 bis 12.30 Uhr<br \/>\nund 14.00 bis 18.00 Uhr<br \/>\n<strong>Samstag<\/strong>\u00a0\u2013\u00a0nach telefonischer Vereinbarung<\/p>\n<p>[\/vc_column_text][\/vc_column][\/vc_row][vc_row rt_row_background_width=&#8220;fullwidth&#8220; rt_row_content_width=&#8220;default&#8220; rt_row_style=&#8220;default-style&#8220; rt_row_borders=&#8220;&#8220; rt_row_paddings=&#8220;true&#8220; rt_bg_effect=&#8220;classic&#8220; rt_bg_image_repeat=&#8220;repeat&#8220; rt_bg_size=&#8220;cover&#8220; rt_bg_position=&#8220;right top&#8220; rt_bg_attachment=&#8220;scroll&#8220; rt_bg_video_format=&#8220;self-hosted&#8220; rt_bg_color=&#8220;#e8697c&#8220; rt_padding_top=&#8220;50&#8243; rt_padding_bottom=&#8220;30&#8243;][vc_column rt_color_set=&#8220;alt-style-2&#8243; rt_bg_image_repeat=&#8220;repeat&#8220; rt_bg_size=&#8220;auto auto&#8220; rt_bg_attachment=&#8220;scroll&#8220;]<div class=\"rt_heading_wrapper style-4\">\n\t\t\t\t\t\t<span class=\"punchline\">Lassen Sie sich von uns verw\u00f6hnen.<\/span>\n\t\t\t\t\t\t<h3 class=\"rt_heading  with_punchline style-4\" >DAS RAPUNZEL KOSMETIK-TEAM FREUT SICH AUF IHREN BESUCH.<\/h3>\n\t\t\t\t\t<\/div>[\/vc_column][\/vc_row]<\/p>\n","protected":false},"excerpt":{"rendered":"<p>[vc_row rt_row_background_width=&#8220;fullwidth&#8220; rt_row_content_width=&#8220;fullwidth&#8220; rt_row_style=&#8220;default-style&#8220; rt_row_borders=&#8220;&#8220; rt_row_paddings=&#8220;false&#8220; rt_bg_effect=&#8220;classic&#8220; rt_bg_image_repeat=&#8220;repeat&#8220; rt_bg_size=&#8220;100% auto&#8220; rt_bg_position=&#8220;right top&#8220; rt_bg_attachment=&#8220;scroll&#8220; rt_bg_video_format=&#8220;self-hosted&#8220;][vc_column rt_bg_image_repeat=&#8220;repeat&#8220; rt_bg_size=&#8220;contain&#8220; rt_bg_attachment=&#8220;scroll&#8220;][\/vc_column][\/vc_row][vc_row rt_row_background_width=&#8220;fullwidth&#8220; rt_row_content_width=&#8220;default&#8220; rt_row_style=&#8220;default-style&#8220; rt_row_borders=&#8220;&#8220; rt_grid=&#8220;true&#8220; rt_row_paddings=&#8220;true&#8220; rt_bg_effect=&#8220;classic&#8220; rt_bg_image_repeat=&#8220;repeat&#8220; rt_bg_size=&#8220;cover&#8220; rt_bg_position=&#8220;right top&#8220; rt_bg_attachment=&#8220;scroll&#8220; rt_bg_video_format=&#8220;self-hosted&#8220; rt_padding_top=&#8220;0&#8243; rt_padding_bottom=&#8220;10&#8243; rt_padding_left=&#8220;25&#8243; rt_padding_right=&#8220;25&#8243;][vc_column width=&#8220;1\/3&#8243; rt_bg_image_repeat=&#8220;repeat&#8220; rt_bg_size=&#8220;auto auto&#8220; rt_bg_attachment=&#8220;scroll&#8220;][\/vc_column][vc_column width=&#8220;1\/3&#8243; rt_bg_image_repeat=&#8220;repeat&#8220; rt_bg_size=&#8220;auto auto&#8220; rt_bg_attachment=&#8220;scroll&#8220;][\/vc_column][vc_column width=&#8220;1\/3&#8243; rt_bg_image_repeat=&#8220;repeat&#8220; rt_bg_size=&#8220;auto auto&#8220; rt_bg_attachment=&#8220;scroll&#8220;][\/vc_column][\/vc_row][vc_row rt_row_background_width=&#8220;fullwidth&#8220; rt_row_content_width=&#8220;default&#8220; rt_row_style=&#8220;alt-style-1&#8243; rt_row_borders=&#8220;&#8220; rt_row_paddings=&#8220;true&#8220; rt_bg_image=&#8220;3028&#8243; [&hellip;]<\/p>\n","protected":false},"author":1,"featured_media":0,"parent":0,"menu_order":0,"comment_status":"closed","ping_status":"closed","template":"","meta":[],"yoast_head":"<!-- This site is optimized with the Yoast SEO plugin v19.11 - https:\/\/yoast.com\/wordpress\/plugins\/seo\/ -->\n<title>Rapunzel Kosmetik by Simone Boge Ingolstadt<\/title>\n<meta name=\"description\" content=\"Rapunzel Kosmetik. Lassen Sie sich verw\u00f6hnen vom Rapunzel Kosmetik-Team in Ingolstadt. Wir freuen uns auf Ihren Besuch! (by Simone Boge)\" \/>\n<meta name=\"robots\" content=\"index, follow, max-snippet:-1, max-image-preview:large, max-video-preview:-1\" \/>\n<link rel=\"canonical\" href=\"http:\/\/hair-beauty-boge.de\/kosmetik\/\" \/>\n<meta property=\"og:locale\" content=\"de_DE\" \/>\n<meta property=\"og:type\" content=\"article\" \/>\n<meta property=\"og:title\" content=\"Rapunzel Kosmetik by Simone Boge Ingolstadt\" \/>\n<meta property=\"og:description\" content=\"Rapunzel Kosmetik. Lassen Sie sich verw\u00f6hnen vom Rapunzel Kosmetik-Team in Ingolstadt. Wir freuen uns auf Ihren Besuch! (by Simone Boge)\" \/>\n<meta property=\"og:url\" content=\"http:\/\/hair-beauty-boge.de\/kosmetik\/\" \/>\n<meta property=\"og:site_name\" content=\"Rapunzel Kosmetik\" \/>\n<meta property=\"article:modified_time\" content=\"2016-12-10T13:43:15+00:00\" \/>\n<meta property=\"og:image\" content=\"http:\/\/hair-beauty-boge.de\/kosmetik\/wp-content\/uploads\/sites\/2\/2016\/05\/Hauptbild_Erleben-300x129.jpg\" \/>\n<meta name=\"twitter:card\" content=\"summary_large_image\" \/>\n<meta name=\"twitter:label1\" content=\"Gesch\u00e4tzte Lesezeit\" \/>\n\t<meta name=\"twitter:data1\" content=\"4\u00a0Minuten\" \/>\n<script type=\"application\/ld+json\" class=\"yoast-schema-graph\">{\"@context\":\"https:\/\/schema.org\",\"@graph\":[{\"@type\":\"WebPage\",\"@id\":\"http:\/\/hair-beauty-boge.de\/kosmetik\/\",\"url\":\"http:\/\/hair-beauty-boge.de\/kosmetik\/\",\"name\":\"Rapunzel Kosmetik by Simone Boge Ingolstadt\",\"isPartOf\":{\"@id\":\"http:\/\/hair-beauty-boge.de\/kosmetik\/#website\"},\"datePublished\":\"2015-02-21T14:00:27+00:00\",\"dateModified\":\"2016-12-10T13:43:15+00:00\",\"description\":\"Rapunzel Kosmetik. Lassen Sie sich verw\u00f6hnen vom Rapunzel Kosmetik-Team in Ingolstadt. Wir freuen uns auf Ihren Besuch! (by Simone Boge)\",\"breadcrumb\":{\"@id\":\"http:\/\/hair-beauty-boge.de\/kosmetik\/#breadcrumb\"},\"inLanguage\":\"de\",\"potentialAction\":[{\"@type\":\"ReadAction\",\"target\":[\"http:\/\/hair-beauty-boge.de\/kosmetik\/\"]}]},{\"@type\":\"BreadcrumbList\",\"@id\":\"http:\/\/hair-beauty-boge.de\/kosmetik\/#breadcrumb\",\"itemListElement\":[{\"@type\":\"ListItem\",\"position\":1,\"name\":\"Startseite\",\"item\":\"http:\/\/hair-beauty-boge.de\/kosmetik\/\"},{\"@type\":\"ListItem\",\"position\":2,\"name\":\"Home Page Kosmetik\"}]},{\"@type\":\"WebSite\",\"@id\":\"http:\/\/hair-beauty-boge.de\/kosmetik\/#website\",\"url\":\"http:\/\/hair-beauty-boge.de\/kosmetik\/\",\"name\":\"Rapunzel Kosmetik\",\"description\":\"hair-beauty-boge.de Website\",\"potentialAction\":[{\"@type\":\"SearchAction\",\"target\":{\"@type\":\"EntryPoint\",\"urlTemplate\":\"http:\/\/hair-beauty-boge.de\/kosmetik\/?s={search_term_string}\"},\"query-input\":\"required name=search_term_string\"}],\"inLanguage\":\"de\"}]}<\/script>\n<!-- \/ Yoast SEO plugin. -->","yoast_head_json":{"title":"Rapunzel Kosmetik by Simone Boge Ingolstadt","description":"Rapunzel Kosmetik. Lassen Sie sich verw\u00f6hnen vom Rapunzel Kosmetik-Team in Ingolstadt. Wir freuen uns auf Ihren Besuch! (by Simone Boge)","robots":{"index":"index","follow":"follow","max-snippet":"max-snippet:-1","max-image-preview":"max-image-preview:large","max-video-preview":"max-video-preview:-1"},"canonical":"http:\/\/hair-beauty-boge.de\/kosmetik\/","og_locale":"de_DE","og_type":"article","og_title":"Rapunzel Kosmetik by Simone Boge Ingolstadt","og_description":"Rapunzel Kosmetik. Lassen Sie sich verw\u00f6hnen vom Rapunzel Kosmetik-Team in Ingolstadt. Wir freuen uns auf Ihren Besuch! (by Simone Boge)","og_url":"http:\/\/hair-beauty-boge.de\/kosmetik\/","og_site_name":"Rapunzel Kosmetik","article_modified_time":"2016-12-10T13:43:15+00:00","og_image":[{"url":"http:\/\/hair-beauty-boge.de\/kosmetik\/wp-content\/uploads\/sites\/2\/2016\/05\/Hauptbild_Erleben-300x129.jpg"}],"twitter_card":"summary_large_image","twitter_misc":{"Gesch\u00e4tzte Lesezeit":"4\u00a0Minuten"},"schema":{"@context":"https:\/\/schema.org","@graph":[{"@type":"WebPage","@id":"http:\/\/hair-beauty-boge.de\/kosmetik\/","url":"http:\/\/hair-beauty-boge.de\/kosmetik\/","name":"Rapunzel Kosmetik by Simone Boge Ingolstadt","isPartOf":{"@id":"http:\/\/hair-beauty-boge.de\/kosmetik\/#website"},"datePublished":"2015-02-21T14:00:27+00:00","dateModified":"2016-12-10T13:43:15+00:00","description":"Rapunzel Kosmetik. Lassen Sie sich verw\u00f6hnen vom Rapunzel Kosmetik-Team in Ingolstadt. Wir freuen uns auf Ihren Besuch! (by Simone Boge)","breadcrumb":{"@id":"http:\/\/hair-beauty-boge.de\/kosmetik\/#breadcrumb"},"inLanguage":"de","potentialAction":[{"@type":"ReadAction","target":["http:\/\/hair-beauty-boge.de\/kosmetik\/"]}]},{"@type":"BreadcrumbList","@id":"http:\/\/hair-beauty-boge.de\/kosmetik\/#breadcrumb","itemListElement":[{"@type":"ListItem","position":1,"name":"Startseite","item":"http:\/\/hair-beauty-boge.de\/kosmetik\/"},{"@type":"ListItem","position":2,"name":"Home Page Kosmetik"}]},{"@type":"WebSite","@id":"http:\/\/hair-beauty-boge.de\/kosmetik\/#website","url":"http:\/\/hair-beauty-boge.de\/kosmetik\/","name":"Rapunzel Kosmetik","description":"hair-beauty-boge.de Website","potentialAction":[{"@type":"SearchAction","target":{"@type":"EntryPoint","urlTemplate":"http:\/\/hair-beauty-boge.de\/kosmetik\/?s={search_term_string}"},"query-input":"required name=search_term_string"}],"inLanguage":"de"}]}},"_links":{"self":[{"href":"http:\/\/hair-beauty-boge.de\/kosmetik\/wp-json\/wp\/v2\/pages\/2947"}],"collection":[{"href":"http:\/\/hair-beauty-boge.de\/kosmetik\/wp-json\/wp\/v2\/pages"}],"about":[{"href":"http:\/\/hair-beauty-boge.de\/kosmetik\/wp-json\/wp\/v2\/types\/page"}],"author":[{"embeddable":true,"href":"http:\/\/hair-beauty-boge.de\/kosmetik\/wp-json\/wp\/v2\/users\/1"}],"replies":[{"embeddable":true,"href":"http:\/\/hair-beauty-boge.de\/kosmetik\/wp-json\/wp\/v2\/comments?post=2947"}],"version-history":[{"count":10,"href":"http:\/\/hair-beauty-boge.de\/kosmetik\/wp-json\/wp\/v2\/pages\/2947\/revisions"}],"predecessor-version":[{"id":3065,"href":"http:\/\/hair-beauty-boge.de\/kosmetik\/wp-json\/wp\/v2\/pages\/2947\/revisions\/3065"}],"wp:attachment":[{"href":"http:\/\/hair-beauty-boge.de\/kosmetik\/wp-json\/wp\/v2\/media?parent=2947"}],"curies":[{"name":"wp","href":"https:\/\/api.w.org\/{rel}","templated":true}]}}