{"id":2944,"date":"2015-02-21T14:00:27","date_gmt":"2015-02-21T14:00:27","guid":{"rendered":"http:\/\/rttheme19.rtthemes.com\/?page_id=2545"},"modified":"2021-05-18T20:14:32","modified_gmt":"2021-05-18T18:14:32","slug":"home-page-friseur","status":"publish","type":"page","link":"http:\/\/hair-beauty-boge.de\/friseur\/","title":{"rendered":"Home Page Friseur"},"content":{"rendered":"<p>[vc_row rt_row_background_width=&#8220;fullwidth&#8220; rt_row_content_width=&#8220;fullwidth&#8220; rt_row_style=&#8220;default-style&#8220; rt_row_borders=&#8220;&#8220; rt_row_paddings=&#8220;false&#8220; rt_bg_effect=&#8220;classic&#8220; rt_bg_image_repeat=&#8220;repeat&#8220; rt_bg_size=&#8220;cover&#8220; rt_bg_position=&#8220;right top&#8220; rt_bg_attachment=&#8220;scroll&#8220; rt_bg_video_format=&#8220;self-hosted&#8220;][vc_column rt_bg_image_repeat=&#8220;repeat&#8220; rt_bg_size=&#8220;auto auto&#8220; rt_bg_attachment=&#8220;scroll&#8220; offset=&#8220;vc_col-md-12&#8243;]<div id=\"content-slider-358502\" class=\"rt-carousel main-carousel carousel-holder clearfix\" data-item-width=\"1\" data-nav=\"true\" data-dots=\"true\" data-parallax=\"true\" data-timeout=\"12000\" data-autoplay=\"true\">\n<div class=\"owl-carousel\">\n\n\t\t<div class=\"item  global-style\" style=\"background-image: url(http:\/\/hair-beauty-boge.de\/friseur\/wp-content\/uploads\/sites\/3\/2016\/06\/Startbild_Friseur_1a.jpg);background-repeat: no-repeat;background-size: cover;background-position: center top;min-height: 560px;\">\n\t\t\t\n\t\t\t<div class=\"slide-content-wrapper default clearfix\">\n\t\t\t\t<div class=\"slide-content animation  right\" style=\"width: 40%;\">\t\t\t\t\t\n\t\t\t\t\t\n\t\t\t\t<\/div>\n\t\t\t<\/div>\n\t\t<\/div>\n\t\t<div class=\"item  global-style\" style=\"background-image: url(http:\/\/hair-beauty-boge.de\/friseur\/wp-content\/uploads\/sites\/3\/2016\/06\/Startbild_Friseur_2a.jpg);background-repeat: no-repeat;background-size: cover;background-position: center top;min-height: 560px;\">\n\t\t\t\n\t\t\t<div class=\"slide-content-wrapper default clearfix\">\n\t\t\t\t<div class=\"slide-content animation  right\" style=\"width: 40%;\">\t\t\t\t\t\n\t\t\t\t\t\n\t\t\t\t<\/div>\n\t\t\t<\/div>\n\t\t<\/div>\n\t\t<div class=\"item  global-style\" style=\"background-image: url(http:\/\/hair-beauty-boge.de\/friseur\/wp-content\/uploads\/sites\/3\/2016\/06\/Startbild_Friseur_3a.jpg);background-repeat: no-repeat;background-size: cover;background-position: center top;min-height: 560px;\">\n\t\t\t\n\t\t\t<div class=\"slide-content-wrapper default clearfix\">\n\t\t\t\t<div class=\"slide-content animation  right\" style=\"width: 40%;\">\t\t\t\t\t\n\t\t\t\t\t\n\t\t\t\t<\/div>\n\t\t\t<\/div>\n\t\t<\/div><\/div>\n<\/div>\n[\/vc_column][\/vc_row][vc_row rt_row_background_width=&#8220;default&#8220; rt_row_style=&#8220;default-style&#8220; rt_row_borders=&#8220;&#8220; rt_row_paddings=&#8220;true&#8220; rt_bg_effect=&#8220;classic&#8220; rt_bg_image_repeat=&#8220;repeat&#8220; rt_bg_size=&#8220;cover&#8220; rt_bg_position=&#8220;right top&#8220; rt_bg_attachment=&#8220;scroll&#8220; rt_bg_video_format=&#8220;self-hosted&#8220; rt_bg_color=&#8220;#ffffff&#8220;][vc_column rt_bg_image_repeat=&#8220;repeat&#8220; rt_bg_size=&#8220;auto auto&#8220; rt_bg_attachment=&#8220;scroll&#8220; rt_bg_color=&#8220;#ffffff&#8220; offset=&#8220;vc_hidden-lg vc_hidden-md vc_hidden-sm vc_hidden-xs&#8220;][vc_column_text css=&#8220;.vc_custom_1619462597254{padding-top: 10px !important;padding-bottom: 10px !important;}&#8220;]<\/p>\n<p style=\"text-align: center;\"><strong>+++++ BITTE BEACHTEN SIE: +++++<\/strong><\/p>\n<p style=\"text-align: center;\">Ab sofort ben\u00f6tigt jede\/r Kunde\/in (ab 6 Jahren)\u00a0ab einer Inzidenz von 100+\u00a0einen negativen Corona-Test aus den Testzentren mit einem Nachweis, der NICHT \u00e4lter als 24 Stunden sein darf. Notfalls gelten auch mitgebrachte Schnelltests, welche vor Ort (15 min vor dem Friseurtermin)\u00a0unter unserer Aufsicht gemacht werden .<\/p>\n<p style=\"text-align: center;\">Wir bitten um Ihr Verst\u00e4ndnis.<\/p>\n<p style=\"text-align: center;\">Vielen Dank, Ihr Friseur Rapunzel Team!<\/p>\n<p>[\/vc_column_text][\/vc_column][\/vc_row][vc_row rt_row_background_width=&#8220;fullwidth&#8220; rt_row_content_width=&#8220;default&#8220; rt_row_style=&#8220;default-style&#8220; rt_row_borders=&#8220;&#8220; rt_grid=&#8220;true&#8220; rt_row_paddings=&#8220;true&#8220; rt_bg_effect=&#8220;classic&#8220; rt_bg_image_repeat=&#8220;repeat&#8220; rt_bg_size=&#8220;cover&#8220; rt_bg_position=&#8220;right top&#8220; rt_bg_attachment=&#8220;scroll&#8220; rt_bg_video_format=&#8220;self-hosted&#8220; rt_padding_bottom=&#8220;10&#8243; rt_padding_top=&#8220;0&#8243; rt_padding_left=&#8220;25&#8243; rt_padding_right=&#8220;25&#8243;][vc_column width=&#8220;1\/3&#8243; rt_bg_image_repeat=&#8220;repeat&#8220; rt_bg_size=&#8220;auto auto&#8220; rt_bg_attachment=&#8220;scroll&#8220;]<article  class=\"icon-content-box content-box icon-top icon-style-3\"><div class=\"icon-holder\"><\/div><div class=\"text-holder\"><h5 class=\"heading\">DIE NEUESTEN STYLES<\/h5> <p class=\"aligncenter\"><img decoding=\"async\" loading=\"lazy\" class=\"alignnone size-medium wp-image-3118\" src=\"http:\/\/hair-beauty-boge.de\/friseur\/wp-content\/uploads\/sites\/3\/2016\/06\/farbigerDienstag-300x188.jpg\" alt=\"farbigerDienstag\" width=\"300\" height=\"188\" srcset=\"http:\/\/hair-beauty-boge.de\/friseur\/wp-content\/uploads\/sites\/3\/2016\/06\/farbigerDienstag-300x188.jpg 300w, http:\/\/hair-beauty-boge.de\/friseur\/wp-content\/uploads\/sites\/3\/2016\/06\/farbigerDienstag.jpg 600w\" sizes=\"(max-width: 300px) 100vw, 300px\" \/><\/p>\n<p class=\"aligncenter\">Mit einem trendsicheren Sp\u00fcrsinn ist das Friseur Rapunzel-Team\u00a0f\u00fcr Sie st\u00e4ndig auf der Suche nach den neuesten Haarschnitten und Styles.<\/p>\n<\/div><\/article>[\/vc_column][vc_column width=&#8220;1\/3&#8243; rt_bg_image_repeat=&#8220;repeat&#8220; rt_bg_size=&#8220;auto auto&#8220; rt_bg_attachment=&#8220;scroll&#8220;]<article  class=\"icon-content-box content-box icon-top icon-style-3\"><div class=\"icon-holder\"><\/div><div class=\"text-holder\"><h5 class=\"heading\">TYPGERECHTE BERATUNG<\/h5> <p class=\"aligncenter\"><img decoding=\"async\" loading=\"lazy\" class=\"alignnone size-medium wp-image-3117\" src=\"http:\/\/hair-beauty-boge.de\/friseur\/wp-content\/uploads\/sites\/3\/2016\/06\/Damenschnitt-300x188.jpg\" alt=\"Damenschnitt\" width=\"300\" height=\"188\" srcset=\"http:\/\/hair-beauty-boge.de\/friseur\/wp-content\/uploads\/sites\/3\/2016\/06\/Damenschnitt-300x188.jpg 300w, http:\/\/hair-beauty-boge.de\/friseur\/wp-content\/uploads\/sites\/3\/2016\/06\/Damenschnitt.jpg 600w\" sizes=\"(max-width: 300px) 100vw, 300px\" \/><\/p>\n<p class=\"aligncenter\">Unsere Erfahrungen geben wir gerne an unser junges Team weiter. Wir\u00a0bilden uns st\u00e4ndig weiter, um Ihnen die beste Qualit\u00e4t und die neuesten Trends bieten zu k\u00f6nnen.<\/p>\n<\/div><\/article>[\/vc_column][vc_column width=&#8220;1\/3&#8243; rt_bg_image_repeat=&#8220;repeat&#8220; rt_bg_size=&#8220;auto auto&#8220; rt_bg_attachment=&#8220;scroll&#8220;]<article  class=\"icon-content-box content-box icon-top icon-style-3\"><div class=\"icon-holder\"><\/div><div class=\"text-holder\"><h5 class=\"heading\">PERFEKTE UMSETZUNG<\/h5> <p class=\"aligncenter\"><img decoding=\"async\" loading=\"lazy\" class=\"alignnone size-medium wp-image-3122\" src=\"http:\/\/hair-beauty-boge.de\/friseur\/wp-content\/uploads\/sites\/3\/2016\/06\/Studentenrabatt-300x188.jpg\" alt=\"Studentenrabatt\" width=\"300\" height=\"188\" srcset=\"http:\/\/hair-beauty-boge.de\/friseur\/wp-content\/uploads\/sites\/3\/2016\/06\/Studentenrabatt-300x188.jpg 300w, http:\/\/hair-beauty-boge.de\/friseur\/wp-content\/uploads\/sites\/3\/2016\/06\/Studentenrabatt.jpg 600w\" sizes=\"(max-width: 300px) 100vw, 300px\" \/><\/p>\n<p class=\"aligncenter\">Jeder Mensch ist so sch\u00f6n, wie er sich selbst f\u00fchlt! \u2028Damit sie sich rundum wohlf\u00fchlen, verw\u00f6hnen wir Sie bei Friseur Rapunzel gerne.<\/p>\n<\/div><\/article>[\/vc_column][\/vc_row][vc_row rt_row_background_width=&#8220;fullwidth&#8220; rt_row_content_width=&#8220;default&#8220; rt_row_style=&#8220;default-style&#8220; rt_row_borders=&#8220;&#8220; rt_row_paddings=&#8220;true&#8220; rt_bg_image=&#8220;3030&#8243; rt_bg_effect=&#8220;parallax&#8220; rt_bg_parallax_effect=&#8220;1&#8243; rt_bg_image_repeat=&#8220;repeat&#8220; rt_bg_size=&#8220;cover&#8220; rt_bg_position=&#8220;right top&#8220; rt_bg_video_format=&#8220;self-hosted&#8220; rt_padding_top=&#8220;50&#8243; rt_padding_bottom=&#8220;30&#8243; rt_bg_color=&#8220;#f4ae07&#8243;][vc_column rt_bg_image_repeat=&#8220;repeat&#8220; rt_bg_size=&#8220;auto auto&#8220; rt_bg_attachment=&#8220;scroll&#8220;]<div class=\"rt_heading_wrapper style-4\">\n\t\t\t\t\t\t<span class=\"punchline\">Jeder Mensch ist nur so sch\u00f6n, wie er sich selbst f\u00fchlt!<\/span>\n\t\t\t\t\t\t<h3 class=\"rt_heading  with_punchline style-4\" >DAMIT SIE SICH RUNDUM WOHLF\u00dcHLEN, VERW\u00d6HNEN WIR SIE GERNE!<\/h3>\n\t\t\t\t\t<\/div>[\/vc_column][\/vc_row][vc_row rt_row_background_width=&#8220;fullwidth&#8220; rt_row_content_width=&#8220;default&#8220; rt_row_style=&#8220;default-style&#8220; rt_row_borders=&#8220;&#8220; rt_row_paddings=&#8220;true&#8220; rt_bg_effect=&#8220;classic&#8220; rt_bg_image_repeat=&#8220;repeat&#8220; rt_bg_size=&#8220;cover&#8220; rt_bg_position=&#8220;right top&#8220; rt_bg_attachment=&#8220;scroll&#8220; rt_bg_video_format=&#8220;self-hosted&#8220; rt_padding_bottom=&#8220;3&#8243;][vc_column rt_bg_image_repeat=&#8220;repeat&#8220; rt_bg_size=&#8220;auto auto&#8220; rt_bg_attachment=&#8220;scroll&#8220;]<div class=\"rt_heading_wrapper style-4\">\n\t\t\t\t\t\t<span class=\"punchline\">Unsere<\/span>\n\t\t\t\t\t\t<h3 class=\"rt_heading  with_punchline style-4\" >\u00d6FFNUNGSZEITEN<\/h3>\n\t\t\t\t\t<\/div>[\/vc_column][\/vc_row][vc_row rt_row_background_width=&#8220;fullwidth&#8220; rt_row_content_width=&#8220;default&#8220; rt_row_style=&#8220;default-style&#8220; rt_row_borders=&#8220;&#8220; rt_row_paddings=&#8220;true&#8220; rt_bg_effect=&#8220;classic&#8220; rt_bg_image_repeat=&#8220;repeat&#8220; rt_bg_size=&#8220;cover&#8220; rt_bg_position=&#8220;right top&#8220; rt_bg_attachment=&#8220;scroll&#8220; rt_bg_video_format=&#8220;self-hosted&#8220; rt_padding_top=&#8220;0&#8243;][vc_column width=&#8220;1\/2&#8243; rt_bg_image_repeat=&#8220;repeat&#8220; rt_bg_size=&#8220;auto auto&#8220; rt_bg_attachment=&#8220;scroll&#8220;][vc_column_text]<\/p>\n<p style=\"text-align: center;\"><span style=\"text-decoration: underline; color: #f4ae07;\"><strong>INGOLSTADT\/ZUCHERING<br \/>\n<\/strong><\/span><strong>Montag<\/strong>\u00a0geschlossen<br \/>\n<strong>Dienstag\u2013Freitag<\/strong> 08.00 bis 20.00 Uhr<br \/>\n<strong>Samstag<\/strong> 08.00 bis 14.00 Uhr<\/p>\n<p>[\/vc_column_text][\/vc_column][vc_column width=&#8220;1\/2&#8243; rt_bg_image_repeat=&#8220;repeat&#8220; rt_bg_size=&#8220;auto auto&#8220; rt_bg_attachment=&#8220;scroll&#8220;][vc_column_text]<\/p>\n<p style=\"text-align: center;\"><span style=\"text-decoration: underline; color: #f4ae07;\"><strong>INGOLSTADT\/STADTMITTE<br \/>\n<\/strong><\/span><strong>Montag<\/strong>\u00a0geschlossen<br \/>\n<strong>Dienstag\u2013Freitag<\/strong> 08.00 bis 20.00 Uhr<br \/>\n<strong>Samstag<\/strong> 08.00 bis 16.00 Uhr<\/p>\n<p>[\/vc_column_text][\/vc_column][\/vc_row][vc_row rt_row_background_width=&#8220;fullwidth&#8220; rt_row_content_width=&#8220;default&#8220; rt_row_style=&#8220;light-style&#8220; rt_row_borders=&#8220;&#8220; rt_row_paddings=&#8220;true&#8220; rt_bg_effect=&#8220;classic&#8220; rt_bg_image_repeat=&#8220;repeat&#8220; rt_bg_size=&#8220;cover&#8220; rt_bg_position=&#8220;right top&#8220; rt_bg_attachment=&#8220;scroll&#8220; rt_bg_video_format=&#8220;self-hosted&#8220; rt_padding_top=&#8220;50&#8243; rt_padding_bottom=&#8220;30&#8243; rt_bg_color=&#8220;#f4ae07&#8243;][vc_column rt_bg_image_repeat=&#8220;repeat&#8220; rt_bg_size=&#8220;auto auto&#8220; rt_bg_attachment=&#8220;scroll&#8220;]<div class=\"rt_heading_wrapper style-4\">\n\t\t\t\t\t\t<span class=\"punchline\">Sie haben noch keine Idee f\u00fcr Ihre n\u00e4chste Typverwandlung?<\/span>\n\t\t\t\t\t\t<h3 class=\"rt_heading  with_punchline style-4\" >LASSEN SIE SICH VOM FRISEUR RAPUNZEL-TEAM PROFESSIONELL BERATEN.<\/h3>\n\t\t\t\t\t<\/div>[\/vc_column][\/vc_row]<\/p>\n","protected":false},"excerpt":{"rendered":"<p>[vc_row rt_row_background_width=&#8220;fullwidth&#8220; rt_row_content_width=&#8220;fullwidth&#8220; rt_row_style=&#8220;default-style&#8220; rt_row_borders=&#8220;&#8220; rt_row_paddings=&#8220;false&#8220; rt_bg_effect=&#8220;classic&#8220; rt_bg_image_repeat=&#8220;repeat&#8220; rt_bg_size=&#8220;cover&#8220; rt_bg_position=&#8220;right top&#8220; rt_bg_attachment=&#8220;scroll&#8220; rt_bg_video_format=&#8220;self-hosted&#8220;][vc_column rt_bg_image_repeat=&#8220;repeat&#8220; rt_bg_size=&#8220;auto auto&#8220; rt_bg_attachment=&#8220;scroll&#8220; offset=&#8220;vc_col-md-12&#8243;][\/vc_column][\/vc_row][vc_row rt_row_background_width=&#8220;default&#8220; rt_row_style=&#8220;default-style&#8220; rt_row_borders=&#8220;&#8220; rt_row_paddings=&#8220;true&#8220; rt_bg_effect=&#8220;classic&#8220; rt_bg_image_repeat=&#8220;repeat&#8220; rt_bg_size=&#8220;cover&#8220; rt_bg_position=&#8220;right top&#8220; rt_bg_attachment=&#8220;scroll&#8220; rt_bg_video_format=&#8220;self-hosted&#8220; rt_bg_color=&#8220;#ffffff&#8220;][vc_column rt_bg_image_repeat=&#8220;repeat&#8220; rt_bg_size=&#8220;auto auto&#8220; rt_bg_attachment=&#8220;scroll&#8220; rt_bg_color=&#8220;#ffffff&#8220; offset=&#8220;vc_hidden-lg vc_hidden-md vc_hidden-sm vc_hidden-xs&#8220;][vc_column_text css=&#8220;.vc_custom_1619462597254{padding-top: 10px !important;padding-bottom: 10px !important;}&#8220;] +++++ BITTE BEACHTEN SIE: +++++ Ab sofort ben\u00f6tigt jede\/r Kunde\/in (ab [&hellip;]<\/p>\n","protected":false},"author":1,"featured_media":0,"parent":0,"menu_order":0,"comment_status":"closed","ping_status":"closed","template":"","meta":[],"yoast_head":"<!-- This site is optimized with the Yoast SEO plugin v19.11 - https:\/\/yoast.com\/wordpress\/plugins\/seo\/ -->\n<title>Friseur Rapunzel by Simone Boge, Ingolstadt<\/title>\n<meta name=\"description\" content=\"Friseur Rapunzel. Entdecken Sie die neuesten Styles und erleben Sie eine typgerechte Beratung mit perfekter Umsetzung. (by Simone Boge)\" \/>\n<meta name=\"robots\" content=\"index, follow, max-snippet:-1, max-image-preview:large, max-video-preview:-1\" \/>\n<link rel=\"canonical\" href=\"http:\/\/hair-beauty-boge.de\/friseur\/\" \/>\n<meta property=\"og:locale\" content=\"de_DE\" \/>\n<meta property=\"og:type\" content=\"article\" \/>\n<meta property=\"og:title\" content=\"Friseur Rapunzel by Simone Boge, Ingolstadt\" \/>\n<meta property=\"og:description\" content=\"Friseur Rapunzel. Entdecken Sie die neuesten Styles und erleben Sie eine typgerechte Beratung mit perfekter Umsetzung. (by Simone Boge)\" \/>\n<meta property=\"og:url\" content=\"http:\/\/hair-beauty-boge.de\/friseur\/\" \/>\n<meta property=\"og:site_name\" content=\"Friseur Rapunzel\" \/>\n<meta property=\"article:modified_time\" content=\"2021-05-18T18:14:32+00:00\" \/>\n<meta property=\"og:image\" content=\"http:\/\/hair-beauty-boge.de\/friseur\/wp-content\/uploads\/sites\/3\/2016\/06\/farbigerDienstag-300x188.jpg\" \/>\n<meta name=\"twitter:card\" content=\"summary_large_image\" \/>\n<meta name=\"twitter:label1\" content=\"Gesch\u00e4tzte Lesezeit\" \/>\n\t<meta name=\"twitter:data1\" content=\"3\u00a0Minuten\" \/>\n<script type=\"application\/ld+json\" class=\"yoast-schema-graph\">{\"@context\":\"https:\/\/schema.org\",\"@graph\":[{\"@type\":\"WebPage\",\"@id\":\"http:\/\/hair-beauty-boge.de\/friseur\/\",\"url\":\"http:\/\/hair-beauty-boge.de\/friseur\/\",\"name\":\"Friseur Rapunzel by Simone Boge, Ingolstadt\",\"isPartOf\":{\"@id\":\"http:\/\/hair-beauty-boge.de\/friseur\/#website\"},\"datePublished\":\"2015-02-21T14:00:27+00:00\",\"dateModified\":\"2021-05-18T18:14:32+00:00\",\"description\":\"Friseur Rapunzel. Entdecken Sie die neuesten Styles und erleben Sie eine typgerechte Beratung mit perfekter Umsetzung. (by Simone Boge)\",\"breadcrumb\":{\"@id\":\"http:\/\/hair-beauty-boge.de\/friseur\/#breadcrumb\"},\"inLanguage\":\"de\",\"potentialAction\":[{\"@type\":\"ReadAction\",\"target\":[\"http:\/\/hair-beauty-boge.de\/friseur\/\"]}]},{\"@type\":\"BreadcrumbList\",\"@id\":\"http:\/\/hair-beauty-boge.de\/friseur\/#breadcrumb\",\"itemListElement\":[{\"@type\":\"ListItem\",\"position\":1,\"name\":\"Startseite\",\"item\":\"http:\/\/hair-beauty-boge.de\/friseur\/\"},{\"@type\":\"ListItem\",\"position\":2,\"name\":\"Home Page Friseur\"}]},{\"@type\":\"WebSite\",\"@id\":\"http:\/\/hair-beauty-boge.de\/friseur\/#website\",\"url\":\"http:\/\/hair-beauty-boge.de\/friseur\/\",\"name\":\"Friseur Rapunzel\",\"description\":\"Eine hair-beauty-boge.de Website\",\"potentialAction\":[{\"@type\":\"SearchAction\",\"target\":{\"@type\":\"EntryPoint\",\"urlTemplate\":\"http:\/\/hair-beauty-boge.de\/friseur\/?s={search_term_string}\"},\"query-input\":\"required name=search_term_string\"}],\"inLanguage\":\"de\"}]}<\/script>\n<!-- \/ Yoast SEO plugin. -->","yoast_head_json":{"title":"Friseur Rapunzel by Simone Boge, Ingolstadt","description":"Friseur Rapunzel. Entdecken Sie die neuesten Styles und erleben Sie eine typgerechte Beratung mit perfekter Umsetzung. (by Simone Boge)","robots":{"index":"index","follow":"follow","max-snippet":"max-snippet:-1","max-image-preview":"max-image-preview:large","max-video-preview":"max-video-preview:-1"},"canonical":"http:\/\/hair-beauty-boge.de\/friseur\/","og_locale":"de_DE","og_type":"article","og_title":"Friseur Rapunzel by Simone Boge, Ingolstadt","og_description":"Friseur Rapunzel. Entdecken Sie die neuesten Styles und erleben Sie eine typgerechte Beratung mit perfekter Umsetzung. (by Simone Boge)","og_url":"http:\/\/hair-beauty-boge.de\/friseur\/","og_site_name":"Friseur Rapunzel","article_modified_time":"2021-05-18T18:14:32+00:00","og_image":[{"url":"http:\/\/hair-beauty-boge.de\/friseur\/wp-content\/uploads\/sites\/3\/2016\/06\/farbigerDienstag-300x188.jpg"}],"twitter_card":"summary_large_image","twitter_misc":{"Gesch\u00e4tzte Lesezeit":"3\u00a0Minuten"},"schema":{"@context":"https:\/\/schema.org","@graph":[{"@type":"WebPage","@id":"http:\/\/hair-beauty-boge.de\/friseur\/","url":"http:\/\/hair-beauty-boge.de\/friseur\/","name":"Friseur Rapunzel by Simone Boge, Ingolstadt","isPartOf":{"@id":"http:\/\/hair-beauty-boge.de\/friseur\/#website"},"datePublished":"2015-02-21T14:00:27+00:00","dateModified":"2021-05-18T18:14:32+00:00","description":"Friseur Rapunzel. Entdecken Sie die neuesten Styles und erleben Sie eine typgerechte Beratung mit perfekter Umsetzung. (by Simone Boge)","breadcrumb":{"@id":"http:\/\/hair-beauty-boge.de\/friseur\/#breadcrumb"},"inLanguage":"de","potentialAction":[{"@type":"ReadAction","target":["http:\/\/hair-beauty-boge.de\/friseur\/"]}]},{"@type":"BreadcrumbList","@id":"http:\/\/hair-beauty-boge.de\/friseur\/#breadcrumb","itemListElement":[{"@type":"ListItem","position":1,"name":"Startseite","item":"http:\/\/hair-beauty-boge.de\/friseur\/"},{"@type":"ListItem","position":2,"name":"Home Page Friseur"}]},{"@type":"WebSite","@id":"http:\/\/hair-beauty-boge.de\/friseur\/#website","url":"http:\/\/hair-beauty-boge.de\/friseur\/","name":"Friseur Rapunzel","description":"Eine hair-beauty-boge.de Website","potentialAction":[{"@type":"SearchAction","target":{"@type":"EntryPoint","urlTemplate":"http:\/\/hair-beauty-boge.de\/friseur\/?s={search_term_string}"},"query-input":"required name=search_term_string"}],"inLanguage":"de"}]}},"_links":{"self":[{"href":"http:\/\/hair-beauty-boge.de\/friseur\/wp-json\/wp\/v2\/pages\/2944"}],"collection":[{"href":"http:\/\/hair-beauty-boge.de\/friseur\/wp-json\/wp\/v2\/pages"}],"about":[{"href":"http:\/\/hair-beauty-boge.de\/friseur\/wp-json\/wp\/v2\/types\/page"}],"author":[{"embeddable":true,"href":"http:\/\/hair-beauty-boge.de\/friseur\/wp-json\/wp\/v2\/users\/1"}],"replies":[{"embeddable":true,"href":"http:\/\/hair-beauty-boge.de\/friseur\/wp-json\/wp\/v2\/comments?post=2944"}],"version-history":[{"count":11,"href":"http:\/\/hair-beauty-boge.de\/friseur\/wp-json\/wp\/v2\/pages\/2944\/revisions"}],"predecessor-version":[{"id":3308,"href":"http:\/\/hair-beauty-boge.de\/friseur\/wp-json\/wp\/v2\/pages\/2944\/revisions\/3308"}],"wp:attachment":[{"href":"http:\/\/hair-beauty-boge.de\/friseur\/wp-json\/wp\/v2\/media?parent=2944"}],"curies":[{"name":"wp","href":"https:\/\/api.w.org\/{rel}","templated":true}]}}